{"id":981,"date":"2019-07-26T10:59:26","date_gmt":"2019-07-26T10:59:26","guid":{"rendered":"https:\/\/reiche-spezialarmaturen.de\/interessantes\/"},"modified":"2020-10-21T13:32:56","modified_gmt":"2020-10-21T13:32:56","slug":"interesting","status":"publish","type":"page","link":"https:\/\/reiche-spezialarmaturen.de\/en\/interesting\/","title":{"rendered":"Interesting"},"content":{"rendered":"<div class=\"fusion-fullwidth fullwidth-box fusion-builder-row-1 max-width1200 nonhundred-percent-fullwidth non-hundred-percent-height-scrolling\" style=\"--awb-border-radius-top-left:0px;--awb-border-radius-top-right:0px;--awb-border-radius-bottom-right:0px;--awb-border-radius-bottom-left:0px;--awb-padding-top:72px;--awb-padding-bottom:72px;--awb-flex-wrap:wrap;\" ><div class=\"fusion-builder-row fusion-row\"><div class=\"fusion-layout-column fusion_builder_column fusion-builder-column-0 fusion_builder_column_2_3 2_3 fusion-two-third fusion-column-first\" style=\"--awb-padding-left:5%;--awb-bg-size:cover;width:66.666666666667%;width:calc(66.666666666667% - ( ( 4% ) * 0.66666666666667 ) );margin-right: 4%;\"><div class=\"fusion-column-wrapper fusion-column-has-shadow fusion-flex-column-wrapper-legacy\"><div class=\"fusion-text fusion-text-1\"><h2>Unsere neue Internetseite<\/h2>\n<p>Endlich ist es soweit! Unsere neue Webseite geht nach langer und intensiver Arbeit online.<\/p>\n<\/div><div class=\"fusion-clearfix\"><\/div><\/div><\/div><div class=\"fusion-layout-column fusion_builder_column fusion-builder-column-1 fusion_builder_column_1_3 1_3 fusion-one-third fusion-column-last\" style=\"--awb-bg-size:cover;width:33.333333333333%;width:calc(33.333333333333% - ( ( 4% ) * 0.33333333333333 ) );\"><div class=\"fusion-column-wrapper fusion-column-has-shadow fusion-flex-column-wrapper-legacy\"><div class=\"fusion-image-element in-legacy-container\" style=\"--awb-caption-title-font-family:var(--h2_typography-font-family);--awb-caption-title-font-weight:var(--h2_typography-font-weight);--awb-caption-title-font-style:var(--h2_typography-font-style);--awb-caption-title-size:var(--h2_typography-font-size);--awb-caption-title-transform:var(--h2_typography-text-transform);--awb-caption-title-line-height:var(--h2_typography-line-height);--awb-caption-title-letter-spacing:var(--h2_typography-letter-spacing);\"><span class=\" fusion-imageframe imageframe-none imageframe-1 hover-type-none\"><img decoding=\"async\" width=\"1489\" height=\"950\" title=\"reiche_neue_website_news\" src=\"https:\/\/reiche-spezialarmaturen.de\/wp-content\/uploads\/2020\/02\/reiche_neue_website_news.png\" data-orig-src=\"https:\/\/reiche-spezialarmaturen.de\/wp-content\/uploads\/2020\/02\/reiche_neue_website_news.png\" alt class=\"lazyload img-responsive wp-image-985\" srcset=\"data:image\/svg+xml,%3Csvg%20xmlns%3D%27http%3A%2F%2Fwww.w3.org%2F2000%2Fsvg%27%20width%3D%271489%27%20height%3D%27950%27%20viewBox%3D%270%200%201489%20950%27%3E%3Crect%20width%3D%271489%27%20height%3D%27950%27%20fill-opacity%3D%220%22%2F%3E%3C%2Fsvg%3E\" data-srcset=\"https:\/\/reiche-spezialarmaturen.de\/wp-content\/uploads\/2020\/02\/reiche_neue_website_news-200x128.png 200w, https:\/\/reiche-spezialarmaturen.de\/wp-content\/uploads\/2020\/02\/reiche_neue_website_news-400x255.png 400w, https:\/\/reiche-spezialarmaturen.de\/wp-content\/uploads\/2020\/02\/reiche_neue_website_news-600x383.png 600w, https:\/\/reiche-spezialarmaturen.de\/wp-content\/uploads\/2020\/02\/reiche_neue_website_news-800x510.png 800w, https:\/\/reiche-spezialarmaturen.de\/wp-content\/uploads\/2020\/02\/reiche_neue_website_news-1200x766.png 1200w, https:\/\/reiche-spezialarmaturen.de\/wp-content\/uploads\/2020\/02\/reiche_neue_website_news.png 1489w\" data-sizes=\"auto\" data-orig-sizes=\"(max-width: 1000px) 100vw, 800px\" \/><\/span><\/div><div class=\"fusion-clearfix\"><\/div><\/div><\/div><div class=\"fusion-layout-column fusion_builder_column fusion-builder-column-2 fusion_builder_column_2_3 2_3 fusion-two-third fusion-column-first\" style=\"--awb-padding-left:5%;--awb-bg-size:cover;width:65.3333%; margin-right: 4%;\"><div class=\"fusion-column-wrapper fusion-column-has-shadow fusion-flex-column-wrapper-legacy\"><div class=\"fusion-text fusion-text-2\"><h2>IHK-Ausbildungsbetrieb<\/h2>\n<p>Die Reiche Spezialarmaturen GmbH ist ein anerkannter IHK-Ausbildungsbetrieb und freut sich auf Ihre Bewerbung.<\/p>\n<p>Bitte senden Sie uns Ihre aussagekr\u00e4ftigen Bewerbungsunterlagen (Anschreiben, Lebenslauf, Zeugnisse) als PDF-Datei per E-Mail an <a href=\"mailto:info@reiche-spezialarmaturen.de.\">info@reiche-spezialarmaturen.de.<\/a><\/p>\n<\/div><div class=\"fusion-clearfix\"><\/div><\/div><\/div><div class=\"fusion-layout-column fusion_builder_column fusion-builder-column-3 fusion_builder_column_1_1 1_1 fusion-one-full fusion-column-last\" style=\"--awb-bg-size:cover;\"><div class=\"fusion-column-wrapper fusion-column-has-shadow fusion-flex-column-wrapper-legacy\"><div class=\"fusion-sep-clear\"><\/div><div class=\"fusion-separator fusion-full-width-sep\" style=\"margin-left: auto;margin-right: auto;margin-top:3%;margin-bottom:3%;width:100%;\"><div class=\"fusion-separator-border sep-single sep-solid\" style=\"--awb-height:20px;--awb-amount:20px;border-color:#e0dede;border-top-width:1px;\"><\/div><\/div><div class=\"fusion-sep-clear\"><\/div><div class=\"fusion-clearfix\"><\/div><\/div><\/div><div class=\"fusion-layout-column fusion_builder_column fusion-builder-column-4 fusion_builder_column_2_3 2_3 fusion-two-third fusion-column-first\" style=\"--awb-padding-left:5%;--awb-bg-size:cover;width:66.666666666667%;width:calc(66.666666666667% - ( ( 4% ) * 0.66666666666667 ) );margin-right: 4%;\"><div class=\"fusion-column-wrapper fusion-column-has-shadow fusion-flex-column-wrapper-legacy\"><div class=\"fusion-text fusion-text-3\"><h2>Zertifikate<\/h2>\n<\/div><div class=\"fusion-clearfix\"><\/div><\/div><\/div><div class=\"fusion-layout-column fusion_builder_column fusion-builder-column-5 fusion_builder_column_1_3 1_3 fusion-one-third fusion-column-last\" style=\"--awb-padding-left:5%;--awb-bg-size:cover;width:33.333333333333%;width:calc(33.333333333333% - ( ( 4% ) * 0.33333333333333 ) );\"><div class=\"fusion-column-wrapper fusion-column-has-shadow fusion-flex-column-wrapper-legacy\"><div class=\"fusion-clearfix\"><\/div><\/div><\/div><div class=\"fusion-layout-column fusion_builder_column fusion-builder-column-6 fusion_builder_column_1_3 1_3 fusion-one-third fusion-column-first\" style=\"--awb-padding-left:12%;--awb-bg-size:cover;width:33.333333333333%;width:calc(33.333333333333% - ( ( 4% + 4% ) * 0.33333333333333 ) );margin-right: 4%;\"><div class=\"fusion-column-wrapper fusion-column-has-shadow fusion-flex-column-wrapper-legacy\"><div class=\"fusion-text fusion-text-4\"><h4 class=\"dwn-h4 blau\">ISO 9001:2015<br \/>\n<a class=\"fusion-button button-flat fusion-button-default-shape fusion-button-default-size button-custom button-1 fusion-button-default-span fusion-button-default-type cerulean\" href=\"https:\/\/reiche-spezialarmaturen.de\/wp-content\/uploads\/2019\/11\/GM2745.pdf\" target=\"_blank\" rel=\"noopener noreferrer\"><i class=\"fa-download fas button-icon-left\"><\/i><span class=\"fusion-button-text\">Download<\/span><\/a><\/h4>\n<\/div><div class=\"fusion-clearfix\"><\/div><\/div><\/div><div class=\"fusion-layout-column fusion_builder_column fusion-builder-column-7 fusion_builder_column_1_3 1_3 fusion-one-third\" style=\"--awb-padding-left:12%;--awb-bg-size:cover;width:33.333333333333%;width:calc(33.333333333333% - ( ( 4% + 4% ) * 0.33333333333333 ) );margin-right: 4%;\"><div class=\"fusion-column-wrapper fusion-column-has-shadow fusion-flex-column-wrapper-legacy\"><div class=\"fusion-clearfix\"><\/div><\/div><\/div><div class=\"fusion-layout-column fusion_builder_column fusion-builder-column-8 fusion_builder_column_1_3 1_3 fusion-one-third fusion-column-last\" style=\"--awb-padding-left:12%;--awb-bg-size:cover;width:33.333333333333%;width:calc(33.333333333333% - ( ( 4% + 4% ) * 0.33333333333333 ) );\"><div class=\"fusion-column-wrapper fusion-column-has-shadow fusion-flex-column-wrapper-legacy\"><div class=\"fusion-clearfix\"><\/div><\/div><\/div><div class=\"fusion-layout-column fusion_builder_column fusion-builder-column-9 fusion_builder_column_1_1 1_1 fusion-one-full fusion-column-first fusion-column-last\" style=\"--awb-bg-size:cover;\"><div class=\"fusion-column-wrapper fusion-column-has-shadow fusion-flex-column-wrapper-legacy\"><div class=\"fusion-sep-clear\"><\/div><div class=\"fusion-separator fusion-full-width-sep\" style=\"margin-left: auto;margin-right: auto;margin-top:3%;margin-bottom:3%;width:100%;\"><div class=\"fusion-separator-border sep-single sep-solid\" style=\"--awb-height:20px;--awb-amount:20px;border-color:#e0dede;border-top-width:1px;\"><\/div><\/div><div class=\"fusion-sep-clear\"><\/div><div class=\"fusion-clearfix\"><\/div><\/div><\/div><div class=\"fusion-layout-column fusion_builder_column fusion-builder-column-10 fusion_builder_column_2_3 2_3 fusion-two-third fusion-column-first\" style=\"--awb-padding-left:5%;--awb-bg-size:cover;width:66.666666666667%;width:calc(66.666666666667% - ( ( 4% ) * 0.66666666666667 ) );margin-right: 4%;\"><div class=\"fusion-column-wrapper fusion-column-has-shadow fusion-flex-column-wrapper-legacy\"><div class=\"fusion-text fusion-text-5\"><h2>Handwerker-Tipps<\/h2>\n<\/div><div class=\"fusion-clearfix\"><\/div><\/div><\/div><div class=\"fusion-layout-column fusion_builder_column fusion-builder-column-11 fusion_builder_column_1_3 1_3 fusion-one-third fusion-column-last\" style=\"--awb-bg-size:cover;width:33.333333333333%;width:calc(33.333333333333% - ( ( 4% ) * 0.33333333333333 ) );\"><div class=\"fusion-column-wrapper fusion-column-has-shadow fusion-flex-column-wrapper-legacy\"><div class=\"fusion-clearfix\"><\/div><\/div><\/div><div class=\"fusion-layout-column fusion_builder_column fusion-builder-column-12 fusion_builder_column_1_3 1_3 fusion-one-third fusion-column-first\" style=\"--awb-padding-left:12%;--awb-bg-size:cover;width:33.333333333333%;width:calc(33.333333333333% - ( ( 4% + 4% ) * 0.33333333333333 ) );margin-right: 4%;\"><div class=\"fusion-column-wrapper fusion-column-has-shadow fusion-flex-column-wrapper-legacy\"><div class=\"fusion-text fusion-text-6\"><h4 class=\"dwn-h4 blau\">PowerFlow Gr\u00f6\u00dfen-\u00dcbersicht<br \/>\n<a class=\"fusion-button button-flat fusion-button-default-shape fusion-button-default-size button-custom button-1 fusion-button-default-span fusion-button-default-type cerulean\" href=\"https:\/\/www.reiche-spezialarmaturen.de\/online\/Katalog_online-Dateien\/Bemassung_Powerflow_copyright.pdf\" target=\"_blank\" rel=\"noopener noreferrer\"><i class=\"fa-download fas button-icon-left\"><\/i><span class=\"fusion-button-text\">Download<\/span><\/a><\/h4>\n<\/div><div class=\"fusion-clearfix\"><\/div><\/div><\/div><div class=\"fusion-layout-column fusion_builder_column fusion-builder-column-13 fusion_builder_column_1_3 1_3 fusion-one-third\" style=\"--awb-bg-size:cover;width:33.333333333333%;width:calc(33.333333333333% - ( ( 4% + 4% ) * 0.33333333333333 ) );margin-right: 4%;\"><div class=\"fusion-column-wrapper fusion-column-has-shadow fusion-flex-column-wrapper-legacy\"><div class=\"fusion-text fusion-text-7\"><h4 class=\"dwn-h4 blau\">Ausschreibungstexte<br \/>\n<a class=\"fusion-button button-flat fusion-button-default-shape fusion-button-default-size button-custom button-1 fusion-button-default-span fusion-button-default-type cerulean\" href=\"https:\/\/reiche-spezialarmaturen.de\/wp-content\/uploads\/2020\/03\/AusschreibungstexteEXCEL.xls\" target=\"_blank\" rel=\"noopener noreferrer\"><i class=\"fa-download fas button-icon-left\"><\/i><span class=\"fusion-button-text\">Download<\/span><\/a><\/h4>\n<\/div><div class=\"fusion-clearfix\"><\/div><\/div><\/div><div class=\"fusion-layout-column fusion_builder_column fusion-builder-column-14 fusion_builder_column_1_3 1_3 fusion-one-third fusion-column-last\" style=\"--awb-bg-size:cover;width:33.333333333333%;width:calc(33.333333333333% - ( ( 4% + 4% ) * 0.33333333333333 ) );\"><div class=\"fusion-column-wrapper fusion-column-has-shadow fusion-flex-column-wrapper-legacy\"><div class=\"fusion-text fusion-text-8\"><h4 class=\"dwn-h4 blau\">Aufstellschraube<br \/>\n<a class=\"fusion-button button-flat fusion-button-default-shape fusion-button-default-size button-custom button-1 fusion-button-default-span fusion-button-default-type cerulean\" href=\"https:\/\/reiche-spezialarmaturen.de\/wp-content\/uploads\/2019\/08\/Aufstellschraube.pdf\" target=\"_blank\" rel=\"noopener noreferrer\"><i class=\"fa-download fas button-icon-left\"><\/i><span class=\"fusion-button-text\">Download<\/span><\/a><\/h4>\n<\/div><div class=\"fusion-clearfix\"><\/div><\/div><\/div><\/div><\/div>\n","protected":false},"excerpt":{"rendered":"","protected":false},"author":1,"featured_media":0,"parent":0,"menu_order":0,"comment_status":"closed","ping_status":"closed","template":"","meta":{"inline_featured_image":false,"footnotes":""},"yoast_head":"<!-- This site is optimized with the Yoast SEO plugin v23.5 - https:\/\/yoast.com\/wordpress\/plugins\/seo\/ -->\n<title>Interesting - Reiche Spezialarmaturen<\/title>\n<meta name=\"robots\" content=\"index, follow, max-snippet:-1, max-image-preview:large, max-video-preview:-1\" \/>\n<link rel=\"canonical\" href=\"https:\/\/reiche-spezialarmaturen.de\/en\/interesting\/\" \/>\n<meta property=\"og:locale\" content=\"en_US\" \/>\n<meta property=\"og:type\" content=\"article\" \/>\n<meta property=\"og:title\" content=\"Interesting - Reiche Spezialarmaturen\" \/>\n<meta property=\"og:url\" content=\"https:\/\/reiche-spezialarmaturen.de\/en\/interesting\/\" \/>\n<meta property=\"og:site_name\" content=\"Reiche Spezialarmaturen\" \/>\n<meta property=\"article:modified_time\" content=\"2020-10-21T13:32:56+00:00\" \/>\n<meta name=\"twitter:card\" content=\"summary_large_image\" \/>\n<meta name=\"twitter:label1\" content=\"Est. reading time\" \/>\n\t<meta name=\"twitter:data1\" content=\"11 minutes\" \/>\n<script type=\"application\/ld+json\" class=\"yoast-schema-graph\">{\"@context\":\"https:\/\/schema.org\",\"@graph\":[{\"@type\":\"WebPage\",\"@id\":\"https:\/\/reiche-spezialarmaturen.de\/en\/interesting\/\",\"url\":\"https:\/\/reiche-spezialarmaturen.de\/en\/interesting\/\",\"name\":\"Interesting - Reiche Spezialarmaturen\",\"isPartOf\":{\"@id\":\"https:\/\/reiche-spezialarmaturen.de\/en\/#website\"},\"datePublished\":\"2019-07-26T10:59:26+00:00\",\"dateModified\":\"2020-10-21T13:32:56+00:00\",\"breadcrumb\":{\"@id\":\"https:\/\/reiche-spezialarmaturen.de\/en\/interesting\/#breadcrumb\"},\"inLanguage\":\"en-US\",\"potentialAction\":[{\"@type\":\"ReadAction\",\"target\":[\"https:\/\/reiche-spezialarmaturen.de\/en\/interesting\/\"]}]},{\"@type\":\"BreadcrumbList\",\"@id\":\"https:\/\/reiche-spezialarmaturen.de\/en\/interesting\/#breadcrumb\",\"itemListElement\":[{\"@type\":\"ListItem\",\"position\":1,\"name\":\"Startseite\",\"item\":\"https:\/\/reiche-spezialarmaturen.de\/en\/\"},{\"@type\":\"ListItem\",\"position\":2,\"name\":\"Interesting\"}]},{\"@type\":\"WebSite\",\"@id\":\"https:\/\/reiche-spezialarmaturen.de\/en\/#website\",\"url\":\"https:\/\/reiche-spezialarmaturen.de\/en\/\",\"name\":\"Reiche Spezialarmaturen\",\"description\":\"Spezialarmaturen\",\"potentialAction\":[{\"@type\":\"SearchAction\",\"target\":{\"@type\":\"EntryPoint\",\"urlTemplate\":\"https:\/\/reiche-spezialarmaturen.de\/en\/?s={search_term_string}\"},\"query-input\":{\"@type\":\"PropertyValueSpecification\",\"valueRequired\":true,\"valueName\":\"search_term_string\"}}],\"inLanguage\":\"en-US\"}]}<\/script>\n<!-- \/ Yoast SEO plugin. -->","yoast_head_json":{"title":"Interesting - Reiche Spezialarmaturen","robots":{"index":"index","follow":"follow","max-snippet":"max-snippet:-1","max-image-preview":"max-image-preview:large","max-video-preview":"max-video-preview:-1"},"canonical":"https:\/\/reiche-spezialarmaturen.de\/en\/interesting\/","og_locale":"en_US","og_type":"article","og_title":"Interesting - Reiche Spezialarmaturen","og_url":"https:\/\/reiche-spezialarmaturen.de\/en\/interesting\/","og_site_name":"Reiche Spezialarmaturen","article_modified_time":"2020-10-21T13:32:56+00:00","twitter_card":"summary_large_image","twitter_misc":{"Est. reading time":"11 minutes"},"schema":{"@context":"https:\/\/schema.org","@graph":[{"@type":"WebPage","@id":"https:\/\/reiche-spezialarmaturen.de\/en\/interesting\/","url":"https:\/\/reiche-spezialarmaturen.de\/en\/interesting\/","name":"Interesting - Reiche Spezialarmaturen","isPartOf":{"@id":"https:\/\/reiche-spezialarmaturen.de\/en\/#website"},"datePublished":"2019-07-26T10:59:26+00:00","dateModified":"2020-10-21T13:32:56+00:00","breadcrumb":{"@id":"https:\/\/reiche-spezialarmaturen.de\/en\/interesting\/#breadcrumb"},"inLanguage":"en-US","potentialAction":[{"@type":"ReadAction","target":["https:\/\/reiche-spezialarmaturen.de\/en\/interesting\/"]}]},{"@type":"BreadcrumbList","@id":"https:\/\/reiche-spezialarmaturen.de\/en\/interesting\/#breadcrumb","itemListElement":[{"@type":"ListItem","position":1,"name":"Startseite","item":"https:\/\/reiche-spezialarmaturen.de\/en\/"},{"@type":"ListItem","position":2,"name":"Interesting"}]},{"@type":"WebSite","@id":"https:\/\/reiche-spezialarmaturen.de\/en\/#website","url":"https:\/\/reiche-spezialarmaturen.de\/en\/","name":"Reiche Spezialarmaturen","description":"Spezialarmaturen","potentialAction":[{"@type":"SearchAction","target":{"@type":"EntryPoint","urlTemplate":"https:\/\/reiche-spezialarmaturen.de\/en\/?s={search_term_string}"},"query-input":{"@type":"PropertyValueSpecification","valueRequired":true,"valueName":"search_term_string"}}],"inLanguage":"en-US"}]}},"_links":{"self":[{"href":"https:\/\/reiche-spezialarmaturen.de\/en\/wp-json\/wp\/v2\/pages\/981"}],"collection":[{"href":"https:\/\/reiche-spezialarmaturen.de\/en\/wp-json\/wp\/v2\/pages"}],"about":[{"href":"https:\/\/reiche-spezialarmaturen.de\/en\/wp-json\/wp\/v2\/types\/page"}],"author":[{"embeddable":true,"href":"https:\/\/reiche-spezialarmaturen.de\/en\/wp-json\/wp\/v2\/users\/1"}],"replies":[{"embeddable":true,"href":"https:\/\/reiche-spezialarmaturen.de\/en\/wp-json\/wp\/v2\/comments?post=981"}],"version-history":[{"count":5,"href":"https:\/\/reiche-spezialarmaturen.de\/en\/wp-json\/wp\/v2\/pages\/981\/revisions"}],"predecessor-version":[{"id":991,"href":"https:\/\/reiche-spezialarmaturen.de\/en\/wp-json\/wp\/v2\/pages\/981\/revisions\/991"}],"wp:attachment":[{"href":"https:\/\/reiche-spezialarmaturen.de\/en\/wp-json\/wp\/v2\/media?parent=981"}],"curies":[{"name":"wp","href":"https:\/\/api.w.org\/{rel}","templated":true}]}}