{"id":966,"date":"2019-08-03T20:12:33","date_gmt":"2019-08-03T20:12:33","guid":{"rendered":"https:\/\/reiche-spezialarmaturen.de\/einlegerueckschlagventile\/"},"modified":"2020-10-21T13:09:20","modified_gmt":"2020-10-21T13:09:20","slug":"einlegerueckschlagventile","status":"publish","type":"page","link":"https:\/\/reiche-spezialarmaturen.de\/en\/einlegerueckschlagventile\/","title":{"rendered":"Einleger\u00fcckschlagventile"},"content":{"rendered":"<p><div class=\"fusion-fullwidth fullwidth-box fusion-builder-row-1 nonhundred-percent-fullwidth non-hundred-percent-height-scrolling\" style=\"--awb-border-radius-top-left:0px;--awb-border-radius-top-right:0px;--awb-border-radius-bottom-right:0px;--awb-border-radius-bottom-left:0px;--awb-flex-wrap:wrap;\" ><div class=\"fusion-builder-row fusion-row\"><div class=\"fusion-layout-column fusion_builder_column fusion-builder-column-0 fusion_builder_column_1_1 1_1 fusion-one-full fusion-column-first fusion-column-last\" style=\"--awb-bg-size:cover;\"><div class=\"fusion-column-wrapper fusion-column-has-shadow fusion-flex-column-wrapper-legacy\">\n<div class=\"fusion-slider-revolution rev_slider_wrapper\">\t\t\t<!-- START EINLEGER\u00dcCKSCHLAGVENTILE REVOLUTION SLIDER 6.6.20 --><p class=\"rs-p-wp-fix\"><\/p>\n\t\t\t<rs-module-wrap id=\"rev_slider_7_1_wrapper\" data-source=\"gallery\" style=\"visibility:hidden;background:transparent;padding:0px;margin:0px auto;margin-top:0;margin-bottom:0;\">\n\t\t\t\t<rs-module id=\"rev_slider_7_1\" style=\"\" data-version=\"6.6.20\">\n\t\t\t\t\t<rs-slides style=\"overflow: hidden; position: absolute;\">\n\t\t\t\t\t\t<rs-slide style=\"position: absolute;\" data-key=\"rs-7\" data-title=\"Slide\" data-anim=\"ms:0ms;r:0;\" data-in=\"o:0;\" data-out=\"a:false;\">\n\t\t\t\t\t\t\t<img decoding=\"async\" src=\"\/\/reiche-spezialarmaturen.de\/wp-content\/plugins\/revslider\/public\/assets\/assets\/dummy.png\" alt=\"EINKLEMMR\u00dcCKSCHLAGVENTILE\" title=\"EINKLEMMR\u00dcCKSCHLAGVENTILE\" width=\"1400\" height=\"500\" class=\"rev-slidebg tp-rs-img rs-lazyload\" data-lazyload=\"\/\/reiche-spezialarmaturen.de\/wp-content\/uploads\/2019\/08\/Einlegerueckschlagventile-1.jpg\" data-no-retina>\n<!--\n\t\t\t\t\t\t\t--><rs-layer\n\t\t\t\t\t\t\t\tid=\"slider-7-slide-7-layer-1\" \n\t\t\t\t\t\t\t\tdata-type=\"shape\"\n\t\t\t\t\t\t\t\tdata-rsp_ch=\"on\"\n\t\t\t\t\t\t\t\tdata-xy=\"x:c;y:m;\"\n\t\t\t\t\t\t\t\tdata-text=\"w:normal;s:20,10,7,4;l:0,13,9,6;\"\n\t\t\t\t\t\t\t\tdata-dim=\"w:100%;h:100%;\"\n\t\t\t\t\t\t\t\tdata-basealign=\"slide\"\n\t\t\t\t\t\t\t\tdata-frame_1=\"e:default;sp:0;\"\n\t\t\t\t\t\t\t\tdata-frame_999=\"o:0;st:w;sR:9000;\"\n\t\t\t\t\t\t\t\tstyle=\"z-index:8;background-color:rgba(80,21,208,0.8);\"\n\t\t\t\t\t\t\t> \n\t\t\t\t\t\t\t<\/rs-layer><!--\n\n\t\t\t\t\t\t\t--><h1\n\t\t\t\t\t\t\t\tid=\"slider-7-slide-7-layer-2\" \n\t\t\t\t\t\t\t\tclass=\"rs-layer\"\n\t\t\t\t\t\t\t\tdata-type=\"text\"\n\t\t\t\t\t\t\t\tdata-color=\"#fff\"\n\t\t\t\t\t\t\t\tdata-xy=\"x:c;y:m;\"\n\t\t\t\t\t\t\t\tdata-text=\"w:normal;s:50,26,19,11;l:60,32,24,14;fw:700;a:center;\"\n\t\t\t\t\t\t\t\tdata-dim=\"minh:0px;\"\n\t\t\t\t\t\t\t\tdata-rsp_o=\"off\"\n\t\t\t\t\t\t\t\tdata-rsp_bd=\"off\"\n\t\t\t\t\t\t\t\tdata-frame_999=\"o:0;st:w;sR:8700;\"\n\t\t\t\t\t\t\t\tstyle=\"z-index:9;font-family:'Jura';text-transform:capitalize;\"\n\t\t\t\t\t\t\t>Einleger\u00fcckschlagventile \n\t\t\t\t\t\t\t<\/h1><!--\n-->\t\t\t\t\t\t<\/rs-slide>\n\t\t\t\t\t\t<rs-slide style=\"position: absolute;\" data-key=\"rs-8\" data-title=\"Slide\" data-anim=\"adpr:false;\">\n\t\t\t\t\t\t\t<img decoding=\"async\" src=\"\/\/reiche-spezialarmaturen.de\/wp-content\/plugins\/revslider\/public\/assets\/assets\/dummy.png\" alt=\"Slide\" title=\"Einleger\u00fcckschlagventile\" class=\"rev-slidebg tp-rs-img rs-lazyload\" data-lazyload=\"\/\/reiche-spezialarmaturen.de\/wp-content\/plugins\/revslider\/public\/assets\/assets\/transparent.png\" data-no-retina>\n<!---->\t\t\t\t\t\t<\/rs-slide>\n\t\t\t\t\t<\/rs-slides>\n\t\t\t\t<\/rs-module>\n\t\t\t\t<script>\n\t\t\t\t\tsetREVStartSize({c: 'rev_slider_7_1',rl:[1240,1024,778,480],el:[500,400,250,200],gw:[1920,1024,778,480],gh:[500,400,250,200],type:'standard',justify:'',layout:'fullwidth',mh:\"0\"});if (window.RS_MODULES!==undefined && window.RS_MODULES.modules!==undefined && window.RS_MODULES.modules[\"revslider71\"]!==undefined) {window.RS_MODULES.modules[\"revslider71\"].once = false;window.revapi7 = undefined;if (window.RS_MODULES.checkMinimal!==undefined) window.RS_MODULES.checkMinimal()}\n\t\t\t\t<\/script>\n\t\t\t<\/rs-module-wrap>\n\t\t\t<!-- END REVOLUTION SLIDER -->\n<\/div><div class=\"fusion-clearfix\"><\/div><\/div><\/div><\/div><\/div><div class=\"fusion-fullwidth fullwidth-box fusion-builder-row-2 nonhundred-percent-fullwidth non-hundred-percent-height-scrolling\" style=\"--awb-border-radius-top-left:0px;--awb-border-radius-top-right:0px;--awb-border-radius-bottom-right:0px;--awb-border-radius-bottom-left:0px;--awb-flex-wrap:wrap;\" ><div class=\"fusion-builder-row fusion-row\"><div class=\"fusion-layout-column fusion_builder_column fusion-builder-column-1 fusion_builder_column_1_1 1_1 fusion-one-full fusion-column-first fusion-column-last\" style=\"--awb-bg-size:cover;\"><div class=\"fusion-column-wrapper fusion-column-has-shadow fusion-flex-column-wrapper-legacy\"><div class=\"fusion-sep-clear\"><\/div><div class=\"fusion-separator fusion-full-width-sep\" style=\"margin-left: auto;margin-right: auto;margin-top:100px;width:100%;\"><\/div><div class=\"fusion-sep-clear\"><\/div><div class=\"fusion-image-element fusion-image-align-center in-legacy-container\" style=\"text-align:center;--awb-caption-title-font-family:var(--h2_typography-font-family);--awb-caption-title-font-weight:var(--h2_typography-font-weight);--awb-caption-title-font-style:var(--h2_typography-font-style);--awb-caption-title-size:var(--h2_typography-font-size);--awb-caption-title-transform:var(--h2_typography-text-transform);--awb-caption-title-line-height:var(--h2_typography-line-height);--awb-caption-title-letter-spacing:var(--h2_typography-letter-spacing);\"><div class=\"imageframe-align-center\"><span class=\" fusion-imageframe imageframe-none imageframe-1 hover-type-none\"><img decoding=\"async\" width=\"416\" height=\"56\" title=\"powerflow\" src=\"https:\/\/reiche-spezialarmaturen.de\/wp-content\/uploads\/2019\/08\/powerflow.png\" data-orig-src=\"https:\/\/reiche-spezialarmaturen.de\/wp-content\/uploads\/2019\/08\/powerflow.png\" alt class=\"lazyload img-responsive wp-image-944\" srcset=\"data:image\/svg+xml,%3Csvg%20xmlns%3D%27http%3A%2F%2Fwww.w3.org%2F2000%2Fsvg%27%20width%3D%27416%27%20height%3D%2756%27%20viewBox%3D%270%200%20416%2056%27%3E%3Crect%20width%3D%27416%27%20height%3D%2756%27%20fill-opacity%3D%220%22%2F%3E%3C%2Fsvg%3E\" data-srcset=\"https:\/\/reiche-spezialarmaturen.de\/wp-content\/uploads\/2019\/08\/powerflow-200x27.png 200w, https:\/\/reiche-spezialarmaturen.de\/wp-content\/uploads\/2019\/08\/powerflow-400x54.png 400w, https:\/\/reiche-spezialarmaturen.de\/wp-content\/uploads\/2019\/08\/powerflow.png 416w\" data-sizes=\"auto\" data-orig-sizes=\"(max-width: 1000px) 100vw, 416px\" \/><\/span><\/div><\/div><div class=\"fusion-sep-clear\"><\/div><div class=\"fusion-separator fusion-full-width-sep\" style=\"margin-left: auto;margin-right: auto;margin-top:36px;width:100%;\"><\/div><div class=\"fusion-sep-clear\"><\/div><div class=\"fusion-text fusion-text-1\"><p class=\"p1\" style=\"text-align: center;\"><strong>Einklemmr\u00fcckschlagventile in Kurzbaul\u00e4nge\u00a0<\/strong><br \/>\n<span class=\"Stil19\"><br \/>\n<span class=\"Stil5\">Zum Einklemmen zwischen Rohrleitungsflansche besonders in Heizungs- und Warmwasseranlagen.<br \/>\nEinklemmr\u00fcckschlagventil f\u00fcr Fl\u00fcssigkeiten, Gase, D\u00e4mpfe, zum Einbau zwischen<br \/>\n<\/span><\/span><span class=\"Stil20\">Rohrleitungsflansche nach DIN\/EN, passend bei PN 6\/10\/16 nach DIN EN 1092-1<\/span><span class=\"Stil8\">.\u00a0<\/span><\/p>\n<p style=\"text-align: center;\">Das Einzige, worauf Sie achten m\u00fcssen, ist der Einsatzbereich.<\/p>\n<p style=\"text-align: center;\">Wir empfehlen f\u00fcr den Einsatz in\u00a0<strong>Solaranlagen\u00a0<\/strong>die Ventile\u00a0<strong>OHNE Luftschleuse<\/strong>, da durch<br \/>\ndie kleine \u00d6ffnung im Ventilteller eine R\u00fcckzirkulation gespeicherter W\u00e4rme stattfinden kann.<\/p>\n<p style=\"text-align: center;\">F\u00fcr\u00a0<strong>Heizungsanlagen<\/strong>\u00a0ist die<strong>\u00a0Luftschleuse<\/strong>\u00a0jedoch perfekt! Falls sich Luft unter dem Ventilteller sammelt,<br \/>\nkann diese durch die kleine \u00d6ffnung wieder zur\u00fcck in die Anlage und sammelt sich nicht unter dem Ventilteller.<\/p>\n<p style=\"text-align: center;\">Die Pumpe l\u00e4uft jederzeit problemlos wieder an!<\/p>\n<\/div><div class=\"fusion-sep-clear\"><\/div><div class=\"fusion-separator fusion-full-width-sep\" style=\"margin-left: auto;margin-right: auto;margin-top:100px;width:100%;\"><\/div><div class=\"fusion-sep-clear\"><\/div><div class=\"fusion-clearfix\"><\/div><\/div><\/div><div class=\"fusion-layout-column fusion_builder_column fusion-builder-column-2 fusion_builder_column_1_5 1_5 fusion-one-fifth fusion-column-first\" style=\"--awb-bg-size:cover;width:20%;width:calc(20% - ( ( 4% + 4% ) * 0.2 ) );margin-right: 4%;\"><div class=\"fusion-column-wrapper fusion-column-has-shadow fusion-flex-column-wrapper-legacy\"><div class=\"fusion-clearfix\"><\/div><\/div><\/div><div class=\"fusion-layout-column fusion_builder_column fusion-builder-column-3 fusion_builder_column_3_5 3_5 fusion-three-fifth max-width-275\" style=\"--awb-bg-size:cover;width:60%;width:calc(60% - ( ( 4% + 4% ) * 0.6 ) );margin-right: 4%;\"><div class=\"fusion-column-wrapper fusion-column-has-shadow fusion-flex-column-wrapper-legacy\"><div class=\"fusion-builder-row fusion-builder-row-inner fusion-row\"><div class=\"fusion-layout-column fusion_builder_column_inner fusion-builder-nested-column-0 fusion_builder_column_inner_1_3 1_3 fusion-one-third fusion-column-first\" style=\"--awb-bg-size:cover;width:33.333333333333%;width:calc(33.333333333333% - ( ( 4% ) * 0.33333333333333 ) );margin-right: 4%;\"><div class=\"fusion-column-wrapper fusion-column-has-shadow fusion-flex-column-wrapper-legacy\"><div class=\"fusion-column-content-centered\"><div class=\"fusion-column-content\"><div class=\"fusion-image-element in-legacy-container\" style=\"--awb-caption-title-font-family:var(--h2_typography-font-family);--awb-caption-title-font-weight:var(--h2_typography-font-weight);--awb-caption-title-font-style:var(--h2_typography-font-style);--awb-caption-title-size:var(--h2_typography-font-size);--awb-caption-title-transform:var(--h2_typography-text-transform);--awb-caption-title-line-height:var(--h2_typography-line-height);--awb-caption-title-letter-spacing:var(--h2_typography-letter-spacing);\"><span class=\" fusion-imageframe imageframe-none imageframe-2 hover-type-none\"><img decoding=\"async\" width=\"360\" height=\"217\" title=\"Powerflow_Einlegeventil\" src=\"https:\/\/reiche-spezialarmaturen.de\/wp-content\/uploads\/2019\/12\/Powerflow_Einlegeventil.jpg\" data-orig-src=\"https:\/\/reiche-spezialarmaturen.de\/wp-content\/uploads\/2019\/12\/Powerflow_Einlegeventil.jpg\" alt class=\"lazyload img-responsive wp-image-969\" srcset=\"data:image\/svg+xml,%3Csvg%20xmlns%3D%27http%3A%2F%2Fwww.w3.org%2F2000%2Fsvg%27%20width%3D%27360%27%20height%3D%27217%27%20viewBox%3D%270%200%20360%20217%27%3E%3Crect%20width%3D%27360%27%20height%3D%27217%27%20fill-opacity%3D%220%22%2F%3E%3C%2Fsvg%3E\" data-srcset=\"https:\/\/reiche-spezialarmaturen.de\/wp-content\/uploads\/2019\/12\/Powerflow_Einlegeventil-200x121.jpg 200w, https:\/\/reiche-spezialarmaturen.de\/wp-content\/uploads\/2019\/12\/Powerflow_Einlegeventil.jpg 360w\" data-sizes=\"auto\" data-orig-sizes=\"(max-width: 1000px) 100vw, 360px\" \/><\/span><\/div><div class=\"fusion-sep-clear\"><\/div><div class=\"fusion-separator fusion-full-width-sep\" style=\"margin-left: auto;margin-right: auto;margin-top:36px;width:100%;\"><\/div><div class=\"fusion-sep-clear\"><\/div><div class=\"fusion-text fusion-text-2\"><p class=\"p1\" style=\"text-align: center;\"><b>(PF) T-&#8230;<br \/>\n<\/b>PN 6\/10 bis 190 \u00b0C<\/p>\n<\/div><div class=\"fusion-button-wrapper\"><a class=\"fusion-button button-flat fusion-button-default-size button-custom fusion-button-default button-1 fusion-button-default-span \" style=\"--button_accent_color:#ffffff;--button_accent_hover_color:#ffffff;--button_border_hover_color:#ffffff;--button_gradient_top_color:#5015d0;--button_gradient_bottom_color:#5015d0;--button_gradient_top_color_hover:#5015d0;--button_gradient_bottom_color_hover:#5015d0;\" target=\"_blank\" rel=\"noopener noreferrer\" href=\"https:\/\/reiche-spezialarmaturen.de\/wp-content\/uploads\/2019\/08\/PF_T...pdf\"><i class=\"fa-download fas button-icon-left\" aria-hidden=\"true\"><\/i><span class=\"fusion-button-text\">Technische Daten<\/span><\/a><\/div><\/div><\/div><div class=\"fusion-clearfix\"><\/div><\/div><\/div><div class=\"fusion-layout-column fusion_builder_column_inner fusion-builder-nested-column-1 fusion_builder_column_inner_2_3 2_3 fusion-two-third fusion-column-last\" style=\"--awb-bg-size:cover;width:66.666666666667%;width:calc(66.666666666667% - ( ( 4% ) * 0.66666666666667 ) );\"><div class=\"fusion-column-wrapper fusion-column-has-shadow fusion-flex-column-wrapper-legacy\"><div class=\"fusion-text fusion-text-3\"><p class=\"p1\" style=\"text-align: left;\"><b>Einklemmr\u00fcckschlagventile in Kurzbaul\u00e4nge <\/b><\/p>\n<\/div><div class=\"fusion-text fusion-text-4\"><ul class=\"product-ul\">\n<li class=\"p1\" style=\"text-align: left;\">Einlegeventile (1,5mm) \/ PN 6\/10 bis 190 \u00b0C<\/li>\n<\/ul>\n<\/div><div class=\"fusion-clearfix\"><\/div><\/div><\/div><\/div><div class=\"fusion-clearfix\"><\/div><\/div><\/div><div class=\"fusion-layout-column fusion_builder_column fusion-builder-column-4 fusion_builder_column_1_5 1_5 fusion-one-fifth fusion-column-last\" style=\"--awb-bg-size:cover;width:20%;width:calc(20% - ( ( 4% + 4% ) * 0.2 ) );\"><div class=\"fusion-column-wrapper fusion-column-has-shadow fusion-flex-column-wrapper-legacy\"><div class=\"fusion-clearfix\"><\/div><\/div><\/div><\/div><\/div><div class=\"fusion-fullwidth fullwidth-box fusion-builder-row-3 max-width1600 nonhundred-percent-fullwidth non-hundred-percent-height-scrolling\" style=\"--awb-border-radius-top-left:0px;--awb-border-radius-top-right:0px;--awb-border-radius-bottom-right:0px;--awb-border-radius-bottom-left:0px;--awb-flex-wrap:wrap;\" ><div class=\"fusion-builder-row fusion-row\"><div class=\"fusion-layout-column fusion_builder_column fusion-builder-column-5 fusion_builder_column_1_1 1_1 fusion-one-full fusion-column-first fusion-column-last\" style=\"--awb-bg-size:cover;\"><div class=\"fusion-column-wrapper fusion-column-has-shadow fusion-flex-column-wrapper-legacy\"><div class=\"fusion-sep-clear\"><\/div><div class=\"fusion-separator fusion-full-width-sep\" style=\"margin-left: auto;margin-right: auto;width:100%;\"><div class=\"fusion-separator-border sep-single sep-solid\" style=\"--awb-height:20px;--awb-amount:20px;--awb-sep-color:#5015d0;border-color:#5015d0;border-top-width:2px;\"><\/div><\/div><div class=\"fusion-sep-clear\"><\/div>\n<div class=\"table-1\">\n<table width=\"100%\">\n<thead>\n<tr>\n<th style=\"text-align: center;\" align=\"left\"><span style=\"color: #5015d0;\">Werksartikelnummer<\/span><\/th>\n<th style=\"text-align: center;\" align=\"left\"><span style=\"color: #5015d0;\">GTIN<\/span><\/th>\n<th style=\"text-align: center;\" align=\"left\"><span style=\"color: #5015d0;\">Beschreibung<\/span><\/th>\n<th style=\"text-align: center;\" align=\"left\"><span style=\"color: #5015d0;\">Verschraubung <\/span><\/th>\n<th style=\"text-align: center;\" align=\"left\"><span style=\"color: #5015d0;\">Baul\u00e4nge<br \/>\nmm<\/span><\/th>\n<th style=\"text-align: center;\" align=\"left\"><span style=\"color: #5015d0;\">Nennweite<br \/>\nDN<\/span><\/th>\n<th style=\"text-align: center;\" align=\"left\"><span style=\"color: #5015d0;\">Au\u00dfendurchmesser<br \/>\nmm \/ Verschraubung in DN <\/span><\/th>\n<th style=\"text-align: center;\" align=\"left\"><span style=\"color: #5015d0;\">Gewicht<br \/>\nkg<\/span><\/th>\n<\/tr>\n<\/thead>\n<tbody>\n<tr>\n<td height=\"20\">PF-T2020<\/td>\n<td>4024549015062<\/td>\n<td>PowerFlow DN 20 &#8211; G 3\/4&#8243;<\/td>\n<td>f\u00fcr 3\/4&#8243; Verschraubung<\/td>\n<td>24,5<\/td>\n<td>20 (R 3\/4&#8243;)<\/td>\n<td>24 \/ 20<\/td>\n<td>0,028<\/td>\n<\/tr>\n<tr>\n<td height=\"20\">PF-T2025<\/td>\n<td>4024549015079<\/td>\n<td>PowerFlow DN 20 &#8211; G 1&#8243;<\/td>\n<td>f\u00fcr 1&#8243; Verschraubung<\/td>\n<td>24,5<\/td>\n<td>20 (R 3\/4&#8243;)<\/td>\n<td>30 \/ 25<\/td>\n<td>0,03<\/td>\n<\/tr>\n<tr>\n<td height=\"20\">PF-T2032<\/td>\n<td>4024549015031<\/td>\n<td>PowerFlow DN 20 &#8211; G 5\/4&#8243;<\/td>\n<td>f\u00fcr 5\/4&#8243; Verschraubung<\/td>\n<td>24,5<\/td>\n<td>20 (R 3\/4&#8243;)<\/td>\n<td>38 \/ 32<\/td>\n<td>0,038<\/td>\n<\/tr>\n<tr>\n<td height=\"20\">PF-T2525<\/td>\n<td>4024549015116<\/td>\n<td>PowerFlow DN 25-G1&#8243;<\/td>\n<td>f\u00fcr 1&#8243; Verschraubung<\/td>\n<td>24,5<\/td>\n<td>25 (R 1&#8243;)<\/td>\n<td>30 \/ 25<\/td>\n<td>0,03<\/td>\n<\/tr>\n<tr>\n<td height=\"20\">PF-T2532<\/td>\n<td>4024549015109<\/td>\n<td>PowerFlow DN 25-G5\/4&#8243;<\/td>\n<td>f\u00fcr 5\/4&#8243; Verschraubung<\/td>\n<td>24,5<\/td>\n<td>25 (R 1&#8243;)<\/td>\n<td>38 \/ 32<\/td>\n<td>0,036<\/td>\n<\/tr>\n<tr>\n<td height=\"20\">PF-T2540<\/td>\n<td>4024549015048<\/td>\n<td>PowerFlow DN 25 &#8211; G 1 1\/2&#8243;<\/td>\n<td>f\u00fcr 1 1\/2&#8243; Verschraubung<\/td>\n<td>24,5<\/td>\n<td>25 (R 1&#8243;)<\/td>\n<td>44 \/ 40<\/td>\n<td>0,044<\/td>\n<\/tr>\n<tr>\n<td height=\"20\">PF-T3232<\/td>\n<td>4024549015147<\/td>\n<td>PowerFlow DN 32 &#8211; G5\/4&#8243;<\/td>\n<td>f\u00fcr 5\/4&#8243; Verschraubung<\/td>\n<td>24,5<\/td>\n<td>32 (R\u00a0 1 1\/4&#8243;)<\/td>\n<td>38 \/ 32<\/td>\n<td>0,036<\/td>\n<\/tr>\n<tr>\n<td height=\"20\">PF-T3240<\/td>\n<td>4024549015154<\/td>\n<td>PowerFlow DN 32 &#8211; G 1 1\/2&#8243;<\/td>\n<td>f\u00fcr 1 1\/2&#8243; Verschraubung<\/td>\n<td>24,5<\/td>\n<td>32 (R\u00a0 1 1\/4&#8243;)<\/td>\n<td>38 \/ 40<\/td>\n<td>0,042<\/td>\n<\/tr>\n<tr>\n<td height=\"20\">PF-T3250<\/td>\n<td>4024549015055<\/td>\n<td>PowerFlow DN 32 &#8211; G 2&#8243;<\/td>\n<td>f\u00fcr 2&#8243; Verschraubung<\/td>\n<td>24,5<\/td>\n<td>32 (R\u00a0 1 1\/4&#8243;)<\/td>\n<td>55 \/ 50<\/td>\n<td>0,056<\/td>\n<\/tr>\n<tr>\n<td height=\"20\">PF-TL2020<\/td>\n<td>4024549015086<\/td>\n<td>PowerFlow DN 20 &#8211; G 3\/4&#8243; mit Luftschleuse<\/td>\n<td>f\u00fcr 3\/4&#8243; Verschraubung<\/td>\n<td>24,5<\/td>\n<td>20 (R 3\/4&#8243;)<\/td>\n<td>24 \/ 20<\/td>\n<td>0,028<\/td>\n<\/tr>\n<tr>\n<td height=\"20\">PF-TL2025<\/td>\n<td>4024549015093<\/td>\n<td>PowerFlow DN 20 &#8211; G 1&#8243; mit Luftschleuse<\/td>\n<td>f\u00fcr 1&#8243; Verschraubung<\/td>\n<td>24,5<\/td>\n<td>20 (R 3\/4&#8243;)<\/td>\n<td>30 \/ 25<\/td>\n<td>0,03<\/td>\n<\/tr>\n<tr>\n<td height=\"20\">PF-TL2032<\/td>\n<td>4024549015000<\/td>\n<td>PowerFlow DN 20 &#8211; G 5\/4&#8243; mit Luftschleuse<\/td>\n<td>f\u00fcr 5\/4&#8243; Verschraubung<\/td>\n<td>24,5<\/td>\n<td>20 (R 3\/4&#8243;)<\/td>\n<td>38 \/ 32<\/td>\n<td>0,038<\/td>\n<\/tr>\n<tr>\n<td height=\"20\">PF-TL2525<\/td>\n<td>4024549015130<\/td>\n<td>PowerFlow DN 25 &#8211; G 1&#8243; mit Luftschleuse<\/td>\n<td>f\u00fcr 1&#8243; Verschraubung<\/td>\n<td>24,5<\/td>\n<td>25 (R 1&#8243;)<\/td>\n<td>30 \/ 25<\/td>\n<td>0,03<\/td>\n<\/tr>\n<tr>\n<td height=\"20\">PF-TL2532<\/td>\n<td>4024549015123<\/td>\n<td>PowerFlow DN 25 &#8211; G 5\/4&#8243; mit Luftschleuse<\/td>\n<td>f\u00fcr 5\/4&#8243; Verschraubung<\/td>\n<td>24,5<\/td>\n<td>25 (R 1&#8243;)<\/td>\n<td>38 \/ 32<\/td>\n<td>0,036<\/td>\n<\/tr>\n<tr>\n<td height=\"20\">PF-TL2540<\/td>\n<td>4024549015017<\/td>\n<td>PowerFlow DN 25 &#8211; G 1 1\/2\u00a0 mit Luftschleuse<\/td>\n<td>f\u00fcr 1 1\/2&#8243; Verschraubung<\/td>\n<td>24,5<\/td>\n<td>25 (R 1&#8243;)<\/td>\n<td>44 \/ 40<\/td>\n<td>0,044<\/td>\n<\/tr>\n<tr>\n<td height=\"20\">PF-TL3232<\/td>\n<td>4024549015161<\/td>\n<td>PowerFlow DN 32 &#8211; G 5\/4&#8243; mit Luftschleuse<\/td>\n<td>f\u00fcr 5\/4&#8243; Verschraubung<\/td>\n<td>24,5<\/td>\n<td>32 (R\u00a0 1 1\/4&#8243;)<\/td>\n<td>38 \/ 32<\/td>\n<td>0,036<\/td>\n<\/tr>\n<tr>\n<td height=\"20\">PF-TL3240<\/td>\n<td>4024549015178<\/td>\n<td>PowerFlow DN 32 &#8211; G 1 1\/2&#8243; mit Luftschleuse<\/td>\n<td>f\u00fcr 1 1\/2&#8243; Verschraubung<\/td>\n<td>24,5<\/td>\n<td>32 (R\u00a0 1 1\/4&#8243;)<\/td>\n<td>38 \/ 40<\/td>\n<td>0,042<\/td>\n<\/tr>\n<tr>\n<td height=\"20\">PF-TL3250<\/td>\n<td>4024549015024<\/td>\n<td>PowerFlow DN 32 &#8211; G 2&#8243;mit Luftschleuse<\/td>\n<td>f\u00fcr 2&#8243; Verschraubung<\/td>\n<td>24,5<\/td>\n<td>32 (R\u00a0 1 1\/4&#8243;)<\/td>\n<td>55 \/ 50<\/td>\n<td>0,056<\/td>\n<\/tr>\n<\/tbody>\n<\/table>\n<\/div>\n<div class=\"fusion-clearfix\"><\/div><\/div><\/div><\/div><\/div><\/p>\n","protected":false},"excerpt":{"rendered":"","protected":false},"author":1,"featured_media":0,"parent":0,"menu_order":0,"comment_status":"closed","ping_status":"closed","template":"","meta":{"inline_featured_image":false,"footnotes":""},"yoast_head":"<!-- This site is optimized with the Yoast SEO plugin v23.5 - https:\/\/yoast.com\/wordpress\/plugins\/seo\/ -->\n<title>Einleger\u00fcckschlagventile - Reiche Spezialarmaturen<\/title>\n<meta name=\"robots\" content=\"index, follow, max-snippet:-1, max-image-preview:large, max-video-preview:-1\" \/>\n<link rel=\"canonical\" href=\"https:\/\/reiche-spezialarmaturen.de\/en\/einlegerueckschlagventile\/\" \/>\n<meta property=\"og:locale\" content=\"en_US\" \/>\n<meta property=\"og:type\" content=\"article\" \/>\n<meta property=\"og:title\" content=\"Einleger\u00fcckschlagventile - Reiche Spezialarmaturen\" \/>\n<meta property=\"og:url\" content=\"https:\/\/reiche-spezialarmaturen.de\/en\/einlegerueckschlagventile\/\" \/>\n<meta property=\"og:site_name\" content=\"Reiche Spezialarmaturen\" \/>\n<meta property=\"article:modified_time\" content=\"2020-10-21T13:09:20+00:00\" \/>\n<meta name=\"twitter:card\" content=\"summary_large_image\" \/>\n<meta name=\"twitter:label1\" content=\"Est. reading time\" \/>\n\t<meta name=\"twitter:data1\" content=\"10 minutes\" \/>\n<script type=\"application\/ld+json\" class=\"yoast-schema-graph\">{\"@context\":\"https:\/\/schema.org\",\"@graph\":[{\"@type\":\"WebPage\",\"@id\":\"https:\/\/reiche-spezialarmaturen.de\/en\/einlegerueckschlagventile\/\",\"url\":\"https:\/\/reiche-spezialarmaturen.de\/en\/einlegerueckschlagventile\/\",\"name\":\"Einleger\u00fcckschlagventile - Reiche Spezialarmaturen\",\"isPartOf\":{\"@id\":\"https:\/\/reiche-spezialarmaturen.de\/en\/#website\"},\"datePublished\":\"2019-08-03T20:12:33+00:00\",\"dateModified\":\"2020-10-21T13:09:20+00:00\",\"breadcrumb\":{\"@id\":\"https:\/\/reiche-spezialarmaturen.de\/en\/einlegerueckschlagventile\/#breadcrumb\"},\"inLanguage\":\"en-US\",\"potentialAction\":[{\"@type\":\"ReadAction\",\"target\":[\"https:\/\/reiche-spezialarmaturen.de\/en\/einlegerueckschlagventile\/\"]}]},{\"@type\":\"BreadcrumbList\",\"@id\":\"https:\/\/reiche-spezialarmaturen.de\/en\/einlegerueckschlagventile\/#breadcrumb\",\"itemListElement\":[{\"@type\":\"ListItem\",\"position\":1,\"name\":\"Startseite\",\"item\":\"https:\/\/reiche-spezialarmaturen.de\/en\/\"},{\"@type\":\"ListItem\",\"position\":2,\"name\":\"Einleger\u00fcckschlagventile\"}]},{\"@type\":\"WebSite\",\"@id\":\"https:\/\/reiche-spezialarmaturen.de\/en\/#website\",\"url\":\"https:\/\/reiche-spezialarmaturen.de\/en\/\",\"name\":\"Reiche Spezialarmaturen\",\"description\":\"Spezialarmaturen\",\"potentialAction\":[{\"@type\":\"SearchAction\",\"target\":{\"@type\":\"EntryPoint\",\"urlTemplate\":\"https:\/\/reiche-spezialarmaturen.de\/en\/?s={search_term_string}\"},\"query-input\":{\"@type\":\"PropertyValueSpecification\",\"valueRequired\":true,\"valueName\":\"search_term_string\"}}],\"inLanguage\":\"en-US\"}]}<\/script>\n<!-- \/ Yoast SEO plugin. -->","yoast_head_json":{"title":"Einleger\u00fcckschlagventile - Reiche Spezialarmaturen","robots":{"index":"index","follow":"follow","max-snippet":"max-snippet:-1","max-image-preview":"max-image-preview:large","max-video-preview":"max-video-preview:-1"},"canonical":"https:\/\/reiche-spezialarmaturen.de\/en\/einlegerueckschlagventile\/","og_locale":"en_US","og_type":"article","og_title":"Einleger\u00fcckschlagventile - Reiche Spezialarmaturen","og_url":"https:\/\/reiche-spezialarmaturen.de\/en\/einlegerueckschlagventile\/","og_site_name":"Reiche Spezialarmaturen","article_modified_time":"2020-10-21T13:09:20+00:00","twitter_card":"summary_large_image","twitter_misc":{"Est. reading time":"10 minutes"},"schema":{"@context":"https:\/\/schema.org","@graph":[{"@type":"WebPage","@id":"https:\/\/reiche-spezialarmaturen.de\/en\/einlegerueckschlagventile\/","url":"https:\/\/reiche-spezialarmaturen.de\/en\/einlegerueckschlagventile\/","name":"Einleger\u00fcckschlagventile - Reiche Spezialarmaturen","isPartOf":{"@id":"https:\/\/reiche-spezialarmaturen.de\/en\/#website"},"datePublished":"2019-08-03T20:12:33+00:00","dateModified":"2020-10-21T13:09:20+00:00","breadcrumb":{"@id":"https:\/\/reiche-spezialarmaturen.de\/en\/einlegerueckschlagventile\/#breadcrumb"},"inLanguage":"en-US","potentialAction":[{"@type":"ReadAction","target":["https:\/\/reiche-spezialarmaturen.de\/en\/einlegerueckschlagventile\/"]}]},{"@type":"BreadcrumbList","@id":"https:\/\/reiche-spezialarmaturen.de\/en\/einlegerueckschlagventile\/#breadcrumb","itemListElement":[{"@type":"ListItem","position":1,"name":"Startseite","item":"https:\/\/reiche-spezialarmaturen.de\/en\/"},{"@type":"ListItem","position":2,"name":"Einleger\u00fcckschlagventile"}]},{"@type":"WebSite","@id":"https:\/\/reiche-spezialarmaturen.de\/en\/#website","url":"https:\/\/reiche-spezialarmaturen.de\/en\/","name":"Reiche Spezialarmaturen","description":"Spezialarmaturen","potentialAction":[{"@type":"SearchAction","target":{"@type":"EntryPoint","urlTemplate":"https:\/\/reiche-spezialarmaturen.de\/en\/?s={search_term_string}"},"query-input":{"@type":"PropertyValueSpecification","valueRequired":true,"valueName":"search_term_string"}}],"inLanguage":"en-US"}]}},"_links":{"self":[{"href":"https:\/\/reiche-spezialarmaturen.de\/en\/wp-json\/wp\/v2\/pages\/966"}],"collection":[{"href":"https:\/\/reiche-spezialarmaturen.de\/en\/wp-json\/wp\/v2\/pages"}],"about":[{"href":"https:\/\/reiche-spezialarmaturen.de\/en\/wp-json\/wp\/v2\/types\/page"}],"author":[{"embeddable":true,"href":"https:\/\/reiche-spezialarmaturen.de\/en\/wp-json\/wp\/v2\/users\/1"}],"replies":[{"embeddable":true,"href":"https:\/\/reiche-spezialarmaturen.de\/en\/wp-json\/wp\/v2\/comments?post=966"}],"version-history":[{"count":3,"href":"https:\/\/reiche-spezialarmaturen.de\/en\/wp-json\/wp\/v2\/pages\/966\/revisions"}],"predecessor-version":[{"id":972,"href":"https:\/\/reiche-spezialarmaturen.de\/en\/wp-json\/wp\/v2\/pages\/966\/revisions\/972"}],"wp:attachment":[{"href":"https:\/\/reiche-spezialarmaturen.de\/en\/wp-json\/wp\/v2\/media?parent=966"}],"curies":[{"name":"wp","href":"https:\/\/api.w.org\/{rel}","templated":true}]}}