{"id":950,"date":"2019-08-02T12:05:59","date_gmt":"2019-08-02T12:05:59","guid":{"rendered":"https:\/\/reiche-spezialarmaturen.de\/rohrverschraubungen\/"},"modified":"2020-10-21T13:03:06","modified_gmt":"2020-10-21T13:03:06","slug":"rohrverschraubungen","status":"publish","type":"page","link":"https:\/\/reiche-spezialarmaturen.de\/en\/rohrverschraubungen\/","title":{"rendered":"Rohrverschraubungen"},"content":{"rendered":"<p><div class=\"fusion-fullwidth fullwidth-box fusion-builder-row-1 nonhundred-percent-fullwidth non-hundred-percent-height-scrolling\" style=\"--awb-border-radius-top-left:0px;--awb-border-radius-top-right:0px;--awb-border-radius-bottom-right:0px;--awb-border-radius-bottom-left:0px;--awb-flex-wrap:wrap;\" ><div class=\"fusion-builder-row fusion-row\"><div class=\"fusion-layout-column fusion_builder_column fusion-builder-column-0 fusion_builder_column_1_1 1_1 fusion-one-full fusion-column-first fusion-column-last\" style=\"--awb-bg-size:cover;\"><div class=\"fusion-column-wrapper fusion-column-has-shadow fusion-flex-column-wrapper-legacy\">\n<div class=\"fusion-slider-revolution rev_slider_wrapper\">\t\t\t<!-- START Rohrverschraubungen REVOLUTION SLIDER 6.6.20 --><p class=\"rs-p-wp-fix\"><\/p>\n\t\t\t<rs-module-wrap id=\"rev_slider_2_1_wrapper\" data-source=\"gallery\" style=\"visibility:hidden;background:transparent;padding:0px;margin:0px auto;margin-top:0;margin-bottom:0;\">\n\t\t\t\t<rs-module id=\"rev_slider_2_1\" style=\"\" data-version=\"6.6.20\">\n\t\t\t\t\t<rs-slides style=\"overflow: hidden; position: absolute;\">\n\t\t\t\t\t\t<rs-slide style=\"position: absolute;\" data-key=\"rs-2\" data-title=\"Slide\" data-anim=\"ms:0ms;r:0;\" data-in=\"o:0;\" data-out=\"a:false;\">\n\t\t\t\t\t\t\t<img decoding=\"async\" src=\"\/\/reiche-spezialarmaturen.de\/wp-content\/plugins\/revslider\/public\/assets\/assets\/dummy.png\" alt=\"EINKLEMMR\u00dcCKSCHLAGVENTILE\" title=\"EINKLEMMR\u00dcCKSCHLAGVENTILE\" width=\"4032\" height=\"3024\" class=\"rev-slidebg tp-rs-img rs-lazyload\" data-lazyload=\"\/\/reiche-spezialarmaturen.de\/wp-content\/uploads\/2019\/11\/RVKA2.jpg\" data-no-retina>\n<!--\n\t\t\t\t\t\t\t--><rs-layer\n\t\t\t\t\t\t\t\tid=\"slider-2-slide-2-layer-1\" \n\t\t\t\t\t\t\t\tdata-type=\"shape\"\n\t\t\t\t\t\t\t\tdata-rsp_ch=\"on\"\n\t\t\t\t\t\t\t\tdata-xy=\"x:c;y:m;\"\n\t\t\t\t\t\t\t\tdata-text=\"w:normal;s:20,10,7,4;l:0,13,9,6;\"\n\t\t\t\t\t\t\t\tdata-dim=\"w:100%;h:100%;\"\n\t\t\t\t\t\t\t\tdata-basealign=\"slide\"\n\t\t\t\t\t\t\t\tdata-frame_1=\"e:default;sp:0;\"\n\t\t\t\t\t\t\t\tdata-frame_999=\"o:0;st:w;\"\n\t\t\t\t\t\t\t\tstyle=\"z-index:9;background-color:rgba(108,152,111,0.8);\"\n\t\t\t\t\t\t\t> \n\t\t\t\t\t\t\t<\/rs-layer><!--\n\n\t\t\t\t\t\t\t--><h1\n\t\t\t\t\t\t\t\tid=\"slider-2-slide-2-layer-2\" \n\t\t\t\t\t\t\t\tclass=\"rs-layer\"\n\t\t\t\t\t\t\t\tdata-type=\"text\"\n\t\t\t\t\t\t\t\tdata-color=\"#fff\"\n\t\t\t\t\t\t\t\tdata-xy=\"x:c;y:m;\"\n\t\t\t\t\t\t\t\tdata-text=\"w:normal;s:50,26,19,11;l:60,32,24,14;fw:700;a:center;\"\n\t\t\t\t\t\t\t\tdata-dim=\"minh:0px;\"\n\t\t\t\t\t\t\t\tdata-rsp_o=\"off\"\n\t\t\t\t\t\t\t\tdata-rsp_bd=\"off\"\n\t\t\t\t\t\t\t\tdata-frame_999=\"o:0;st:w;\"\n\t\t\t\t\t\t\t\tstyle=\"z-index:10;font-family:'Jura';text-transform:capitalize;\"\n\t\t\t\t\t\t\t>Rohrverschraubungen \n\t\t\t\t\t\t\t<\/h1><!--\n-->\t\t\t\t\t\t<\/rs-slide>\n\t\t\t\t\t<\/rs-slides>\n\t\t\t\t<\/rs-module>\n\t\t\t\t<script>\n\t\t\t\t\tsetREVStartSize({c: 'rev_slider_2_1',rl:[1240,1024,778,480],el:[500,400,250,200],gw:[1920,1024,778,480],gh:[500,400,250,200],type:'standard',justify:'',layout:'fullwidth',mh:\"0\"});if (window.RS_MODULES!==undefined && window.RS_MODULES.modules!==undefined && window.RS_MODULES.modules[\"revslider21\"]!==undefined) {window.RS_MODULES.modules[\"revslider21\"].once = false;window.revapi2 = undefined;if (window.RS_MODULES.checkMinimal!==undefined) window.RS_MODULES.checkMinimal()}\n\t\t\t\t<\/script>\n\t\t\t<\/rs-module-wrap>\n\t\t\t<!-- END REVOLUTION SLIDER -->\n<\/div><div class=\"fusion-clearfix\"><\/div><\/div><\/div><\/div><\/div><div class=\"fusion-fullwidth fullwidth-box fusion-builder-row-2 nonhundred-percent-fullwidth non-hundred-percent-height-scrolling\" style=\"--awb-border-radius-top-left:0px;--awb-border-radius-top-right:0px;--awb-border-radius-bottom-right:0px;--awb-border-radius-bottom-left:0px;--awb-flex-wrap:wrap;\" ><div class=\"fusion-builder-row fusion-row\"><div class=\"fusion-layout-column fusion_builder_column fusion-builder-column-1 fusion_builder_column_1_1 1_1 fusion-one-full fusion-column-first fusion-column-last\" style=\"--awb-bg-size:cover;\"><div class=\"fusion-column-wrapper fusion-column-has-shadow fusion-flex-column-wrapper-legacy\"><div class=\"fusion-sep-clear\"><\/div><div class=\"fusion-separator fusion-full-width-sep\" style=\"margin-left: auto;margin-right: auto;margin-top:100px;width:100%;\"><\/div><div class=\"fusion-sep-clear\"><\/div><div class=\"fusion-image-element fusion-image-align-center in-legacy-container\" style=\"text-align:center;--awb-caption-title-font-family:var(--h2_typography-font-family);--awb-caption-title-font-weight:var(--h2_typography-font-weight);--awb-caption-title-font-style:var(--h2_typography-font-style);--awb-caption-title-size:var(--h2_typography-font-size);--awb-caption-title-transform:var(--h2_typography-text-transform);--awb-caption-title-line-height:var(--h2_typography-line-height);--awb-caption-title-letter-spacing:var(--h2_typography-letter-spacing);\"><div class=\"imageframe-align-center\"><span class=\" fusion-imageframe imageframe-none imageframe-1 hover-type-none\"><img decoding=\"async\" width=\"386\" height=\"50\" title=\"Thermoclassic-logo\" src=\"https:\/\/reiche-spezialarmaturen.de\/wp-content\/uploads\/2019\/07\/Thermoclassic-logo.png\" data-orig-src=\"https:\/\/reiche-spezialarmaturen.de\/wp-content\/uploads\/2019\/07\/Thermoclassic-logo.png\" alt class=\"lazyload img-responsive wp-image-933\" srcset=\"data:image\/svg+xml,%3Csvg%20xmlns%3D%27http%3A%2F%2Fwww.w3.org%2F2000%2Fsvg%27%20width%3D%27386%27%20height%3D%2750%27%20viewBox%3D%270%200%20386%2050%27%3E%3Crect%20width%3D%27386%27%20height%3D%2750%27%20fill-opacity%3D%220%22%2F%3E%3C%2Fsvg%3E\" data-srcset=\"https:\/\/reiche-spezialarmaturen.de\/wp-content\/uploads\/2019\/07\/Thermoclassic-logo-200x26.png 200w, https:\/\/reiche-spezialarmaturen.de\/wp-content\/uploads\/2019\/07\/Thermoclassic-logo.png 386w\" data-sizes=\"auto\" data-orig-sizes=\"(max-width: 1000px) 100vw, 386px\" \/><\/span><\/div><\/div><div class=\"fusion-sep-clear\"><\/div><div class=\"fusion-separator fusion-full-width-sep\" style=\"margin-left: auto;margin-right: auto;margin-top:36px;width:100%;\"><\/div><div class=\"fusion-sep-clear\"><\/div><div class=\"fusion-text fusion-text-1\"><p class=\"p1\" style=\"text-align: center;\"><strong>Schwerkraftbremse als Einlegeteil zur Verschraubung mittels \u00dcberwurfmutter auf die Umw\u00e4lzpumpe<\/strong><\/p>\n<p style=\"text-align: center;\"><strong>Der besonders konstruierte Sattelteller gibt den Durchfluss zu 100 % frei<\/strong><br \/>\n<strong>und realisiert \u00e4u\u00dferst geringe Druckverluste beim Durchstr\u00f6men.<\/strong><\/p>\n<p style=\"text-align: center;\">Abbildung: Rohrverschraubung DN 25<br \/>\nmit Aufstellschraube \/ Flansch &#8211; Au\u00dfengewinde.<br \/>\nDurch Standard &#8211; Baul\u00e4ngen und diverse Anschlussvarianten massenkompatibel!<\/p>\n<div id=\"gtx-trans\" style=\"position: absolute; left: 703px; top: 118px;\">\n<div class=\"gtx-trans-icon\"><\/div>\n<\/div>\n<\/div><div class=\"fusion-sep-clear\"><\/div><div class=\"fusion-separator fusion-full-width-sep\" style=\"margin-left: auto;margin-right: auto;margin-top:100px;width:100%;\"><\/div><div class=\"fusion-sep-clear\"><\/div><div class=\"fusion-clearfix\"><\/div><\/div><\/div><div class=\"fusion-layout-column fusion_builder_column fusion-builder-column-2 fusion_builder_column_1_5 1_5 fusion-one-fifth fusion-column-first\" style=\"--awb-bg-size:cover;width:20%;width:calc(20% - ( ( 4% + 4% ) * 0.2 ) );margin-right: 4%;\"><div class=\"fusion-column-wrapper fusion-column-has-shadow fusion-flex-column-wrapper-legacy\"><div class=\"fusion-clearfix\"><\/div><\/div><\/div><div class=\"fusion-layout-column fusion_builder_column fusion-builder-column-3 fusion_builder_column_3_5 3_5 fusion-three-fifth max-width-275\" style=\"--awb-bg-size:cover;width:60%;width:calc(60% - ( ( 4% + 4% ) * 0.6 ) );margin-right: 4%;\"><div class=\"fusion-column-wrapper fusion-column-has-shadow fusion-flex-column-wrapper-legacy\"><div class=\"fusion-builder-row fusion-builder-row-inner fusion-row\"><div class=\"fusion-layout-column fusion_builder_column_inner fusion-builder-nested-column-0 fusion_builder_column_inner_1_1 1_1 fusion-one-full fusion-column-first fusion-column-last\" style=\"--awb-bg-size:cover;\"><div class=\"fusion-column-wrapper fusion-column-has-shadow fusion-flex-column-wrapper-legacy\"><div class=\"fusion-clearfix\"><\/div><\/div><\/div><div class=\"fusion-layout-column fusion_builder_column_inner fusion-builder-nested-column-1 fusion_builder_column_inner_1_3 1_3 fusion-one-third fusion-column-first\" style=\"--awb-bg-size:cover;width:33.333333333333%;width:calc(33.333333333333% - ( ( 4% ) * 0.33333333333333 ) );margin-right: 4%;\"><div class=\"fusion-column-wrapper fusion-column-has-shadow fusion-flex-column-wrapper-legacy\"><div class=\"fusion-column-content-centered\"><div class=\"fusion-column-content\"><div class=\"fusion-image-element in-legacy-container\" style=\"--awb-caption-title-font-family:var(--h2_typography-font-family);--awb-caption-title-font-weight:var(--h2_typography-font-weight);--awb-caption-title-font-style:var(--h2_typography-font-style);--awb-caption-title-size:var(--h2_typography-font-size);--awb-caption-title-transform:var(--h2_typography-text-transform);--awb-caption-title-line-height:var(--h2_typography-line-height);--awb-caption-title-letter-spacing:var(--h2_typography-letter-spacing);\"><span class=\" fusion-imageframe imageframe-none imageframe-2 hover-type-none\"><img decoding=\"async\" width=\"4032\" height=\"3024\" title=\"RVKA2\" src=\"https:\/\/reiche-spezialarmaturen.de\/wp-content\/uploads\/2019\/11\/RVKA2.jpg\" data-orig-src=\"https:\/\/reiche-spezialarmaturen.de\/wp-content\/uploads\/2019\/11\/RVKA2.jpg\" alt class=\"lazyload img-responsive wp-image-762\" srcset=\"data:image\/svg+xml,%3Csvg%20xmlns%3D%27http%3A%2F%2Fwww.w3.org%2F2000%2Fsvg%27%20width%3D%274032%27%20height%3D%273024%27%20viewBox%3D%270%200%204032%203024%27%3E%3Crect%20width%3D%274032%27%20height%3D%273024%27%20fill-opacity%3D%220%22%2F%3E%3C%2Fsvg%3E\" data-srcset=\"https:\/\/reiche-spezialarmaturen.de\/wp-content\/uploads\/2019\/11\/RVKA2-200x150.jpg 200w, https:\/\/reiche-spezialarmaturen.de\/wp-content\/uploads\/2019\/11\/RVKA2-400x300.jpg 400w, https:\/\/reiche-spezialarmaturen.de\/wp-content\/uploads\/2019\/11\/RVKA2-600x450.jpg 600w, https:\/\/reiche-spezialarmaturen.de\/wp-content\/uploads\/2019\/11\/RVKA2-800x600.jpg 800w, https:\/\/reiche-spezialarmaturen.de\/wp-content\/uploads\/2019\/11\/RVKA2-1200x900.jpg 1200w, https:\/\/reiche-spezialarmaturen.de\/wp-content\/uploads\/2019\/11\/RVKA2.jpg 4032w\" data-sizes=\"auto\" data-orig-sizes=\"(max-width: 1000px) 100vw, 800px\" \/><\/span><\/div><div class=\"fusion-sep-clear\"><\/div><div class=\"fusion-separator fusion-full-width-sep\" style=\"margin-left: auto;margin-right: auto;margin-top:36px;width:100%;\"><\/div><div class=\"fusion-sep-clear\"><\/div><div class=\"fusion-text fusion-text-2\"><p class=\"p1\" style=\"text-align: center;\"><b>(TC) RV- K &#8230; FI \/ FA<br \/>\n<\/b>PN 6\/10 bis 130 \u00b0C<\/p>\n<\/div><div class=\"fusion-button-wrapper\"><a class=\"fusion-button button-flat fusion-button-default-size button-custom fusion-button-default button-1 fusion-button-default-span \" style=\"--button_accent_color:#ffffff;--button_accent_hover_color:#ffffff;--button_border_hover_color:#ffffff;--button_gradient_top_color:#6c986f;--button_gradient_bottom_color:#6c986f;--button_gradient_top_color_hover:#6c986f;--button_gradient_bottom_color_hover:#6c986f;\" target=\"_blank\" rel=\"noopener noreferrer\" href=\"https:\/\/reiche-spezialarmaturen.de\/wp-content\/uploads\/2019\/08\/RV-Kunststoff.pdf\"><i class=\"fa-download fas button-icon-left\" aria-hidden=\"true\"><\/i><span class=\"fusion-button-text\">Technische Daten<\/span><\/a><\/div><\/div><\/div><div class=\"fusion-clearfix\"><\/div><\/div><\/div><div class=\"fusion-layout-column fusion_builder_column_inner fusion-builder-nested-column-2 fusion_builder_column_inner_2_3 2_3 fusion-two-third fusion-column-last\" style=\"--awb-bg-size:cover;width:66.666666666667%;width:calc(66.666666666667% - ( ( 4% ) * 0.66666666666667 ) );\"><div class=\"fusion-column-wrapper fusion-column-has-shadow fusion-flex-column-wrapper-legacy\"><div class=\"fusion-text fusion-text-3\"><p class=\"p1\" style=\"text-align: left;\"><strong>Rohrverschraubungen<\/strong><\/p>\n<\/div><div class=\"fusion-text fusion-text-4\"><ul class=\"product-ul\">\n<li class=\"p1\" style=\"text-align: left;\">Schwerkraftbremsen \/ Rohrverschraubungen \/ PN 6\/10 bis 130 \u00b0C<\/li>\n<li class=\"p1\" style=\"text-align: left;\">Ausf\u00fchrung: Flansch-Au\u00dfengewinde oder Flansch-Innengewinde<\/li>\n<\/ul>\n<div id=\"gtx-trans\" style=\"position: absolute; left: 253px; top: 62px;\">\n<div class=\"gtx-trans-icon\"><\/div>\n<\/div>\n<\/div><div class=\"fusion-clearfix\"><\/div><\/div><\/div><\/div><div class=\"fusion-clearfix\"><\/div><\/div><\/div><div class=\"fusion-layout-column fusion_builder_column fusion-builder-column-4 fusion_builder_column_1_5 1_5 fusion-one-fifth fusion-column-last\" style=\"--awb-bg-size:cover;width:20%;width:calc(20% - ( ( 4% + 4% ) * 0.2 ) );\"><div class=\"fusion-column-wrapper fusion-column-has-shadow fusion-flex-column-wrapper-legacy\"><div class=\"fusion-clearfix\"><\/div><\/div><\/div><\/div><\/div><div class=\"fusion-fullwidth fullwidth-box fusion-builder-row-3 max-width1600 nonhundred-percent-fullwidth non-hundred-percent-height-scrolling\" style=\"--awb-border-radius-top-left:0px;--awb-border-radius-top-right:0px;--awb-border-radius-bottom-right:0px;--awb-border-radius-bottom-left:0px;--awb-flex-wrap:wrap;\" ><div class=\"fusion-builder-row fusion-row\"><div class=\"fusion-layout-column fusion_builder_column fusion-builder-column-5 fusion_builder_column_1_1 1_1 fusion-one-full fusion-column-first fusion-column-last\" style=\"--awb-bg-size:cover;\"><div class=\"fusion-column-wrapper fusion-column-has-shadow fusion-flex-column-wrapper-legacy\"><div class=\"fusion-sep-clear\"><\/div><div class=\"fusion-separator fusion-full-width-sep\" style=\"margin-left: auto;margin-right: auto;width:100%;\"><div class=\"fusion-separator-border sep-single sep-solid\" style=\"--awb-height:20px;--awb-amount:20px;--awb-sep-color:#6c986f;border-color:#6c986f;border-top-width:2px;\"><\/div><\/div><div class=\"fusion-sep-clear\"><\/div>\n<div class=\"table-1\">\n<table width=\"100%\">\n<thead>\n<tr>\n<th style=\"text-align: center;\" align=\"left\"><span style=\"color: #6c986f;\">Werksartikelnummer<\/span><\/th>\n<th style=\"text-align: center;\" align=\"left\"><span style=\"color: #6c986f;\">GTIN<\/span><\/th>\n<th style=\"text-align: center;\" align=\"left\"><span style=\"color: #6c986f;\">Beschreibung<\/span><\/th>\n<th style=\"text-align: center;\" align=\"left\"><span style=\"color: #6c986f;\">Flansch<\/span><\/th>\n<th style=\"text-align: center;\" align=\"left\"><\/th>\n<th style=\"text-align: center;\" align=\"left\"><span style=\"color: #6c986f;\">Baul\u00e4nge<br \/>\nmm<\/span><\/th>\n<th style=\"text-align: center;\" align=\"left\"><span style=\"color: #6c986f;\">Schl\u00fcsselweite<br \/>\nmm<\/span><\/th>\n<th style=\"text-align: center;\" align=\"left\"><span style=\"color: #6c986f;\">Gewicht<br \/>\nkg<\/span><\/th>\n<\/tr>\n<\/thead>\n<tbody>\n<tr>\n<td>RV-K25FI<\/td>\n<td>4024549001461<\/td>\n<td>TC-Thermoclassic RV-K, DN 25, FI<\/td>\n<td>Flansch 1 1\/2 * IG 1, PN 6\/10<\/td>\n<td><\/td>\n<td>66<\/td>\n<td>36<\/td>\n<td>0,218<\/td>\n<\/tr>\n<tr>\n<td>RV-KA25FI<\/td>\n<td>4024549001485<\/td>\n<td>TC-Thermoclassic RV-KA, DN 25, FI<\/td>\n<td>Flansch 1 1\/2*IG 1 PN 6\/10<\/td>\n<td>inkl. Aufstellschraube<\/td>\n<td>66<\/td>\n<td>36<\/td>\n<td>0,25<\/td>\n<\/tr>\n<tr>\n<td>RV-K32FI<\/td>\n<td>4024549001478<\/td>\n<td>TC-Thermoclassic RV-K, DN 32, FI<\/td>\n<td>Flansch 2 * IG 5\/4 PN 6\/10<\/td>\n<td><\/td>\n<td>70<\/td>\n<td>47<\/td>\n<td>0,35<\/td>\n<\/tr>\n<tr>\n<td>RV-KA32FI<\/td>\n<td>4024549001492<\/td>\n<td>TC-Thermoclassic RV-KA, DN 32, FI<\/td>\n<td>Flansch 2 * IG 5\/4 PN 6\/10<\/td>\n<td>inkl. Aufstellschraube<\/td>\n<td>70<\/td>\n<td>47<\/td>\n<td>0,366<\/td>\n<\/tr>\n<tr>\n<td>RV-K25FA<\/td>\n<td>4024549001508<\/td>\n<td>TC-Thermoclassic RV-K, DN 25 , FA<\/td>\n<td>Flansch 1 1\/2 * AG 1, PN 6\/10<\/td>\n<td><\/td>\n<td>57<\/td>\n<td>36<\/td>\n<td>0,202<\/td>\n<\/tr>\n<tr>\n<td>RV-KA25FA<\/td>\n<td>4024549001522<\/td>\n<td>TC-Thermoclassic RV-KA, DN 25 , FA<\/td>\n<td>Flansch 1 1\/2*AG 1 PN 6\/10<\/td>\n<td>inkl. Aufstellschraube<\/td>\n<td>57<\/td>\n<td>36<\/td>\n<td>0,216<\/td>\n<\/tr>\n<tr>\n<td>RV-K32FA<\/td>\n<td>4024549001515<\/td>\n<td>TC-Thermoclassic RV-K, DN 32, FA<\/td>\n<td>Flansch 2 * AG 5\/4 PN 6\/10<\/td>\n<td><\/td>\n<td>70<\/td>\n<td>47<\/td>\n<td>0,35<\/td>\n<\/tr>\n<tr>\n<td>RV-KA32FA<\/td>\n<td>4024549001539<\/td>\n<td>TC-Thermoclassic RV-KA, DN 32, FA<\/td>\n<td>Flansch 2 * AG 5\/4 PN 6\/10<\/td>\n<td>inkl. Aufstellschraube<\/td>\n<td>70<\/td>\n<td>47<\/td>\n<td>0,352<\/td>\n<\/tr>\n<\/tbody>\n<\/table>\n<\/div>\n<div class=\"fusion-clearfix\"><\/div><\/div><\/div><\/div><\/div><\/p>\n","protected":false},"excerpt":{"rendered":"","protected":false},"author":1,"featured_media":0,"parent":0,"menu_order":0,"comment_status":"closed","ping_status":"closed","template":"","meta":{"inline_featured_image":false,"footnotes":""},"yoast_head":"<!-- This site is optimized with the Yoast SEO plugin v23.5 - https:\/\/yoast.com\/wordpress\/plugins\/seo\/ -->\n<title>Rohrverschraubungen - Reiche Spezialarmaturen<\/title>\n<meta name=\"robots\" content=\"index, follow, max-snippet:-1, max-image-preview:large, max-video-preview:-1\" \/>\n<link rel=\"canonical\" href=\"https:\/\/reiche-spezialarmaturen.de\/en\/rohrverschraubungen\/\" \/>\n<meta property=\"og:locale\" content=\"en_US\" \/>\n<meta property=\"og:type\" content=\"article\" \/>\n<meta property=\"og:title\" content=\"Rohrverschraubungen - Reiche Spezialarmaturen\" \/>\n<meta property=\"og:url\" content=\"https:\/\/reiche-spezialarmaturen.de\/en\/rohrverschraubungen\/\" \/>\n<meta property=\"og:site_name\" content=\"Reiche Spezialarmaturen\" \/>\n<meta property=\"article:modified_time\" content=\"2020-10-21T13:03:06+00:00\" \/>\n<meta name=\"twitter:card\" content=\"summary_large_image\" \/>\n<meta name=\"twitter:label1\" content=\"Est. reading time\" \/>\n\t<meta name=\"twitter:data1\" content=\"9 minutes\" \/>\n<script type=\"application\/ld+json\" class=\"yoast-schema-graph\">{\"@context\":\"https:\/\/schema.org\",\"@graph\":[{\"@type\":\"WebPage\",\"@id\":\"https:\/\/reiche-spezialarmaturen.de\/en\/rohrverschraubungen\/\",\"url\":\"https:\/\/reiche-spezialarmaturen.de\/en\/rohrverschraubungen\/\",\"name\":\"Rohrverschraubungen - Reiche Spezialarmaturen\",\"isPartOf\":{\"@id\":\"https:\/\/reiche-spezialarmaturen.de\/en\/#website\"},\"datePublished\":\"2019-08-02T12:05:59+00:00\",\"dateModified\":\"2020-10-21T13:03:06+00:00\",\"breadcrumb\":{\"@id\":\"https:\/\/reiche-spezialarmaturen.de\/en\/rohrverschraubungen\/#breadcrumb\"},\"inLanguage\":\"en-US\",\"potentialAction\":[{\"@type\":\"ReadAction\",\"target\":[\"https:\/\/reiche-spezialarmaturen.de\/en\/rohrverschraubungen\/\"]}]},{\"@type\":\"BreadcrumbList\",\"@id\":\"https:\/\/reiche-spezialarmaturen.de\/en\/rohrverschraubungen\/#breadcrumb\",\"itemListElement\":[{\"@type\":\"ListItem\",\"position\":1,\"name\":\"Startseite\",\"item\":\"https:\/\/reiche-spezialarmaturen.de\/en\/\"},{\"@type\":\"ListItem\",\"position\":2,\"name\":\"Rohrverschraubungen\"}]},{\"@type\":\"WebSite\",\"@id\":\"https:\/\/reiche-spezialarmaturen.de\/en\/#website\",\"url\":\"https:\/\/reiche-spezialarmaturen.de\/en\/\",\"name\":\"Reiche Spezialarmaturen\",\"description\":\"Spezialarmaturen\",\"potentialAction\":[{\"@type\":\"SearchAction\",\"target\":{\"@type\":\"EntryPoint\",\"urlTemplate\":\"https:\/\/reiche-spezialarmaturen.de\/en\/?s={search_term_string}\"},\"query-input\":{\"@type\":\"PropertyValueSpecification\",\"valueRequired\":true,\"valueName\":\"search_term_string\"}}],\"inLanguage\":\"en-US\"}]}<\/script>\n<!-- \/ Yoast SEO plugin. -->","yoast_head_json":{"title":"Rohrverschraubungen - Reiche Spezialarmaturen","robots":{"index":"index","follow":"follow","max-snippet":"max-snippet:-1","max-image-preview":"max-image-preview:large","max-video-preview":"max-video-preview:-1"},"canonical":"https:\/\/reiche-spezialarmaturen.de\/en\/rohrverschraubungen\/","og_locale":"en_US","og_type":"article","og_title":"Rohrverschraubungen - Reiche Spezialarmaturen","og_url":"https:\/\/reiche-spezialarmaturen.de\/en\/rohrverschraubungen\/","og_site_name":"Reiche Spezialarmaturen","article_modified_time":"2020-10-21T13:03:06+00:00","twitter_card":"summary_large_image","twitter_misc":{"Est. reading time":"9 minutes"},"schema":{"@context":"https:\/\/schema.org","@graph":[{"@type":"WebPage","@id":"https:\/\/reiche-spezialarmaturen.de\/en\/rohrverschraubungen\/","url":"https:\/\/reiche-spezialarmaturen.de\/en\/rohrverschraubungen\/","name":"Rohrverschraubungen - Reiche Spezialarmaturen","isPartOf":{"@id":"https:\/\/reiche-spezialarmaturen.de\/en\/#website"},"datePublished":"2019-08-02T12:05:59+00:00","dateModified":"2020-10-21T13:03:06+00:00","breadcrumb":{"@id":"https:\/\/reiche-spezialarmaturen.de\/en\/rohrverschraubungen\/#breadcrumb"},"inLanguage":"en-US","potentialAction":[{"@type":"ReadAction","target":["https:\/\/reiche-spezialarmaturen.de\/en\/rohrverschraubungen\/"]}]},{"@type":"BreadcrumbList","@id":"https:\/\/reiche-spezialarmaturen.de\/en\/rohrverschraubungen\/#breadcrumb","itemListElement":[{"@type":"ListItem","position":1,"name":"Startseite","item":"https:\/\/reiche-spezialarmaturen.de\/en\/"},{"@type":"ListItem","position":2,"name":"Rohrverschraubungen"}]},{"@type":"WebSite","@id":"https:\/\/reiche-spezialarmaturen.de\/en\/#website","url":"https:\/\/reiche-spezialarmaturen.de\/en\/","name":"Reiche Spezialarmaturen","description":"Spezialarmaturen","potentialAction":[{"@type":"SearchAction","target":{"@type":"EntryPoint","urlTemplate":"https:\/\/reiche-spezialarmaturen.de\/en\/?s={search_term_string}"},"query-input":{"@type":"PropertyValueSpecification","valueRequired":true,"valueName":"search_term_string"}}],"inLanguage":"en-US"}]}},"_links":{"self":[{"href":"https:\/\/reiche-spezialarmaturen.de\/en\/wp-json\/wp\/v2\/pages\/950"}],"collection":[{"href":"https:\/\/reiche-spezialarmaturen.de\/en\/wp-json\/wp\/v2\/pages"}],"about":[{"href":"https:\/\/reiche-spezialarmaturen.de\/en\/wp-json\/wp\/v2\/types\/page"}],"author":[{"embeddable":true,"href":"https:\/\/reiche-spezialarmaturen.de\/en\/wp-json\/wp\/v2\/users\/1"}],"replies":[{"embeddable":true,"href":"https:\/\/reiche-spezialarmaturen.de\/en\/wp-json\/wp\/v2\/comments?post=950"}],"version-history":[{"count":5,"href":"https:\/\/reiche-spezialarmaturen.de\/en\/wp-json\/wp\/v2\/pages\/950\/revisions"}],"predecessor-version":[{"id":956,"href":"https:\/\/reiche-spezialarmaturen.de\/en\/wp-json\/wp\/v2\/pages\/950\/revisions\/956"}],"wp:attachment":[{"href":"https:\/\/reiche-spezialarmaturen.de\/en\/wp-json\/wp\/v2\/media?parent=950"}],"curies":[{"name":"wp","href":"https:\/\/api.w.org\/{rel}","templated":true}]}}